{"id":42,"date":"2025-10-15T00:10:35","date_gmt":"2025-10-15T00:10:35","guid":{"rendered":"http:\/\/localhost:8883\/?page_id=42"},"modified":"2025-12-18T14:46:11","modified_gmt":"2025-12-18T14:46:11","slug":"turismo-aventura","status":"publish","type":"page","link":"https:\/\/mendotour.desarrollatuweb.online\/index.php\/turismo-aventura\/","title":{"rendered":"Turismo Aventura"},"content":{"rendered":"\t\t<div data-elementor-type=\"wp-page\" data-elementor-id=\"42\" class=\"elementor elementor-42\" data-elementor-post-type=\"page\">\n\t\t\t\t<div class=\"elementor-element elementor-element-b48d1a8 e-flex e-con-boxed e-con e-parent\" data-id=\"b48d1a8\" data-element_type=\"container\" data-settings=\"{&quot;background_background&quot;:&quot;slideshow&quot;,&quot;background_slideshow_gallery&quot;:[],&quot;background_slideshow_loop&quot;:&quot;yes&quot;,&quot;background_slideshow_slide_duration&quot;:5000,&quot;background_slideshow_slide_transition&quot;:&quot;fade&quot;,&quot;background_slideshow_transition_duration&quot;:500}\">\n\t\t\t\t\t<div class=\"e-con-inner\">\n\t\t<div class=\"elementor-element elementor-element-5106346 e-con-full e-flex e-con e-child\" data-id=\"5106346\" data-element_type=\"container\">\n\t\t\t\t<div class=\"elementor-element elementor-element-09dd17d elementor-widget elementor-widget-theme-site-logo elementor-widget-image\" data-id=\"09dd17d\" data-element_type=\"widget\" data-widget_type=\"theme-site-logo.default\">\n\t\t\t\t\t\t\t\t\t\t\t<a href=\"https:\/\/mendotour.desarrollatuweb.online\">\n\t\t\t<img fetchpriority=\"high\" decoding=\"async\" width=\"500\" height=\"500\" src=\"https:\/\/mendotour.desarrollatuweb.online\/wp-content\/uploads\/2025\/10\/MendoTour-1.png\" class=\"attachment-full size-full wp-image-26\" alt=\"\" srcset=\"https:\/\/mendotour.desarrollatuweb.online\/wp-content\/uploads\/2025\/10\/MendoTour-1.png 500w, https:\/\/mendotour.desarrollatuweb.online\/wp-content\/uploads\/2025\/10\/MendoTour-1-300x300.png 300w, https:\/\/mendotour.desarrollatuweb.online\/wp-content\/uploads\/2025\/10\/MendoTour-1-150x150.png 150w\" sizes=\"(max-width: 500px) 100vw, 500px\" \/>\t\t\t\t<\/a>\n\t\t\t\t\t\t\t\t\t\t\t<\/div>\n\t\t\t\t<\/div>\n\t\t<div class=\"elementor-element elementor-element-9add53e e-con-full e-flex e-con e-child\" data-id=\"9add53e\" data-element_type=\"container\">\n\t\t\t\t<div class=\"elementor-element elementor-element-dd6c511 elementor-nav-menu__align-end elementor-nav-menu__text-align-center elementor-nav-menu--dropdown-tablet elementor-nav-menu--toggle elementor-nav-menu--burger elementor-widget elementor-widget-nav-menu\" data-id=\"dd6c511\" data-element_type=\"widget\" data-settings=\"{&quot;layout&quot;:&quot;horizontal&quot;,&quot;submenu_icon&quot;:{&quot;value&quot;:&quot;&lt;svg class=\\&quot;e-font-icon-svg e-fas-caret-down\\&quot; viewBox=\\&quot;0 0 320 512\\&quot; xmlns=\\&quot;http:\\\/\\\/www.w3.org\\\/2000\\\/svg\\&quot;&gt;&lt;path d=\\&quot;M31.3 192h257.3c17.8 0 26.7 21.5 14.1 34.1L174.1 354.8c-7.8 7.8-20.5 7.8-28.3 0L17.2 226.1C4.6 213.5 13.5 192 31.3 192z\\&quot;&gt;&lt;\\\/path&gt;&lt;\\\/svg&gt;&quot;,&quot;library&quot;:&quot;fa-solid&quot;},&quot;toggle&quot;:&quot;burger&quot;}\" data-widget_type=\"nav-menu.default\">\n\t\t\t\t\t\t\t\t<nav aria-label=\"Menu\" class=\"elementor-nav-menu--main elementor-nav-menu__container elementor-nav-menu--layout-horizontal e--pointer-none\">\n\t\t\t\t<ul id=\"menu-1-dd6c511\" class=\"elementor-nav-menu\"><li class=\"menu-item menu-item-type-post_type menu-item-object-page menu-item-home menu-item-29\"><a href=\"https:\/\/mendotour.desarrollatuweb.online\/\" class=\"elementor-item menu-link\">Inicio<\/a><\/li>\n<li class=\"menu-item menu-item-type-custom menu-item-object-custom menu-item-has-children menu-item-40\"><a aria-expanded=\"false\" href=\"#turismo\" class=\"elementor-item elementor-item-anchor menu-link\">Turismo<span role=\"application\" class=\"dropdown-menu-toggle ast-header-navigation-arrow\" tabindex=\"0\" aria-expanded=\"false\" aria-label=\"Alternar men\u00fa\" aria-haspopup=\"true\"><\/span><\/a>\n<ul class=\"sub-menu elementor-nav-menu--dropdown\">\n\t<li class=\"menu-item menu-item-type-post_type menu-item-object-page menu-item-50\"><a href=\"https:\/\/mendotour.desarrollatuweb.online\/index.php\/turismo-aventura\/\" class=\"elementor-sub-item menu-link\">Turismo Aventura<\/a><\/li>\n\t<li class=\"menu-item menu-item-type-post_type menu-item-object-page menu-item-49\"><a href=\"https:\/\/mendotour.desarrollatuweb.online\/index.php\/montana\/\" class=\"elementor-sub-item menu-link\">Monta\u00f1a<\/a><\/li>\n\t<li class=\"menu-item menu-item-type-post_type menu-item-object-page menu-item-48\"><a href=\"https:\/\/mendotour.desarrollatuweb.online\/index.php\/bodegas\/\" class=\"elementor-sub-item menu-link\">Bodegas<\/a><\/li>\n<\/ul>\n<\/li>\n<li class=\"menu-item menu-item-type-custom menu-item-object-custom menu-item-31\"><a href=\"#nosotros\" class=\"elementor-item elementor-item-anchor menu-link\">Nosotros<\/a><\/li>\n<li class=\"menu-item menu-item-type-custom menu-item-object-custom menu-item-41\"><a href=\"#contactos\" class=\"elementor-item elementor-item-anchor menu-link\">Contactos<\/a><\/li>\n<\/ul>\t\t\t<\/nav>\n\t\t\t\t\t<div class=\"elementor-menu-toggle\" role=\"button\" tabindex=\"0\" aria-label=\"Menu Toggle\" aria-expanded=\"false\">\n\t\t\t<svg aria-hidden=\"true\" role=\"presentation\" class=\"elementor-menu-toggle__icon--open e-font-icon-svg e-eicon-menu-bar\" viewBox=\"0 0 1000 1000\" xmlns=\"http:\/\/www.w3.org\/2000\/svg\"><path d=\"M104 333H896C929 333 958 304 958 271S929 208 896 208H104C71 208 42 237 42 271S71 333 104 333ZM104 583H896C929 583 958 554 958 521S929 458 896 458H104C71 458 42 487 42 521S71 583 104 583ZM104 833H896C929 833 958 804 958 771S929 708 896 708H104C71 708 42 737 42 771S71 833 104 833Z\"><\/path><\/svg><svg aria-hidden=\"true\" role=\"presentation\" class=\"elementor-menu-toggle__icon--close e-font-icon-svg e-eicon-close\" viewBox=\"0 0 1000 1000\" xmlns=\"http:\/\/www.w3.org\/2000\/svg\"><path d=\"M742 167L500 408 258 167C246 154 233 150 217 150 196 150 179 158 167 167 154 179 150 196 150 212 150 229 154 242 171 254L408 500 167 742C138 771 138 800 167 829 196 858 225 858 254 829L496 587 738 829C750 842 767 846 783 846 800 846 817 842 829 829 842 817 846 804 846 783 846 767 842 750 829 737L588 500 833 258C863 229 863 200 833 171 804 137 775 137 742 167Z\"><\/path><\/svg>\t\t<\/div>\n\t\t\t\t\t<nav class=\"elementor-nav-menu--dropdown elementor-nav-menu__container\" aria-hidden=\"true\">\n\t\t\t\t<ul id=\"menu-2-dd6c511\" class=\"elementor-nav-menu\"><li class=\"menu-item menu-item-type-post_type menu-item-object-page menu-item-home menu-item-29\"><a href=\"https:\/\/mendotour.desarrollatuweb.online\/\" class=\"elementor-item menu-link\" tabindex=\"-1\">Inicio<\/a><\/li>\n<li class=\"menu-item menu-item-type-custom menu-item-object-custom menu-item-has-children menu-item-40\"><a aria-expanded=\"false\" href=\"#turismo\" class=\"elementor-item elementor-item-anchor menu-link\" tabindex=\"-1\">Turismo<span role=\"application\" class=\"dropdown-menu-toggle ast-header-navigation-arrow\" tabindex=\"0\" aria-expanded=\"false\" aria-label=\"Alternar men\u00fa\" aria-haspopup=\"true\"><\/span><\/a>\n<ul class=\"sub-menu elementor-nav-menu--dropdown\">\n\t<li class=\"menu-item menu-item-type-post_type menu-item-object-page menu-item-50\"><a href=\"https:\/\/mendotour.desarrollatuweb.online\/index.php\/turismo-aventura\/\" class=\"elementor-sub-item menu-link\" tabindex=\"-1\">Turismo Aventura<\/a><\/li>\n\t<li class=\"menu-item menu-item-type-post_type menu-item-object-page menu-item-49\"><a href=\"https:\/\/mendotour.desarrollatuweb.online\/index.php\/montana\/\" class=\"elementor-sub-item menu-link\" tabindex=\"-1\">Monta\u00f1a<\/a><\/li>\n\t<li class=\"menu-item menu-item-type-post_type menu-item-object-page menu-item-48\"><a href=\"https:\/\/mendotour.desarrollatuweb.online\/index.php\/bodegas\/\" class=\"elementor-sub-item menu-link\" tabindex=\"-1\">Bodegas<\/a><\/li>\n<\/ul>\n<\/li>\n<li class=\"menu-item menu-item-type-custom menu-item-object-custom menu-item-31\"><a href=\"#nosotros\" class=\"elementor-item elementor-item-anchor menu-link\" tabindex=\"-1\">Nosotros<\/a><\/li>\n<li class=\"menu-item menu-item-type-custom menu-item-object-custom menu-item-41\"><a href=\"#contactos\" class=\"elementor-item elementor-item-anchor menu-link\" tabindex=\"-1\">Contactos<\/a><\/li>\n<\/ul>\t\t\t<\/nav>\n\t\t\t\t\t\t<\/div>\n\t\t\t\t<\/div>\n\t\t\t\t\t<\/div>\n\t\t\t\t<\/div>\n\t\t<div class=\"elementor-element elementor-element-935413b e-con-full e-flex e-con e-parent\" data-id=\"935413b\" data-element_type=\"container\" data-settings=\"{&quot;background_background&quot;:&quot;classic&quot;}\">\n\t\t<div class=\"elementor-element elementor-element-9f956c1 e-con-full e-flex e-con e-child\" data-id=\"9f956c1\" data-element_type=\"container\">\n\t\t\t\t<div class=\"elementor-element elementor-element-cc9aed8 elementor-widget__width-initial elementor-widget elementor-widget-heading\" data-id=\"cc9aed8\" data-element_type=\"widget\" data-widget_type=\"heading.default\">\n\t\t\t\t\t<h2 class=\"elementor-heading-title elementor-size-default\">TURISMO AVENTURA<\/h2>\t\t\t\t<\/div>\n\t\t\t\t<\/div>\n\t\t<div class=\"elementor-element elementor-element-3c376cd e-con-full e-flex e-con e-child\" data-id=\"3c376cd\" data-element_type=\"container\">\n\t\t\t\t<div class=\"elementor-element elementor-element-11d705c elementor-widget__width-initial elementor-widget elementor-widget-heading\" data-id=\"11d705c\" data-element_type=\"widget\" data-widget_type=\"heading.default\">\n\t\t\t\t\t<h2 class=\"elementor-heading-title elementor-size-default\">RAFTING<\/h2>\t\t\t\t<\/div>\n\t\t\t\t<div class=\"elementor-element elementor-element-34e56bd elementor-widget__width-inherit elementor-widget elementor-widget-text-editor\" data-id=\"34e56bd\" data-element_type=\"widget\" data-widget_type=\"text-editor.default\">\n\t\t\t\t\t\t\t\t\t<p data-start=\"95\" data-end=\"298\"><strong data-start=\"95\" data-end=\"139\">1. Rafting Corto \u2013 Nivel B\u00e1sico (US$ 35)<\/strong><br data-start=\"139\" data-end=\"142\" \/>Recorrido de 5 km con una duraci\u00f3n aproximada de 1 hora 30 min. Ideal para principiantes o familias que buscan una primera experiencia divertida y segura.<\/p><p data-start=\"300\" data-end=\"499\"><strong data-start=\"300\" data-end=\"348\">2. Rafting Medio \u2013 Nivel Intermedio (US$ 55)<\/strong><br data-start=\"348\" data-end=\"351\" \/>Aventura de 13 km durante 2 horas 30 min. Combina tramos tranquilos con r\u00e1pidos emocionantes, perfecta para quienes ya tienen algo de experiencia.<\/p><p data-start=\"501\" data-end=\"696\"><strong data-start=\"501\" data-end=\"552\">3. Rafting Extremo \u2013 Aventura Completa (US$ 88)<\/strong><br data-start=\"552\" data-end=\"555\" \/>Trayecto de 25 km en unas 4 horas 30 min. Pensado para los amantes de la adrenalina que buscan una experiencia intensa y de larga duraci\u00f3n.<\/p>\t\t\t\t\t\t\t\t<\/div>\n\t\t\t\t<div class=\"elementor-element elementor-element-8714dd5 elementor-widget__width-initial elementor-widget elementor-widget-heading\" data-id=\"8714dd5\" data-element_type=\"widget\" data-widget_type=\"heading.default\">\n\t\t\t\t\t<h2 class=\"elementor-heading-title elementor-size-default\">M\u00e1s Info<\/h2>\t\t\t\t<\/div>\n\t\t\t\t<\/div>\n\t\t<div class=\"elementor-element elementor-element-766ba3c e-con-full e-flex e-con e-child\" data-id=\"766ba3c\" data-element_type=\"container\">\n\t\t\t\t<div class=\"elementor-element elementor-element-57932d4 elementor-widget__width-initial elementor-widget elementor-widget-heading\" data-id=\"57932d4\" data-element_type=\"widget\" data-widget_type=\"heading.default\">\n\t\t\t\t\t<h2 class=\"elementor-heading-title elementor-size-default\">Tirolesa<\/h2>\t\t\t\t<\/div>\n\t\t\t\t<div class=\"elementor-element elementor-element-703f786 elementor-widget__width-inherit elementor-widget elementor-widget-text-editor\" data-id=\"703f786\" data-element_type=\"widget\" data-widget_type=\"text-editor.default\">\n\t\t\t\t\t\t\t\t\t<p data-start=\"83\" data-end=\"266\"><strong data-start=\"83\" data-end=\"126\">1. Canopy Corto \u2013 Nivel B\u00e1sico (US$ 25)<\/strong><br data-start=\"126\" data-end=\"129\" \/>Recorrido con 3 l\u00edneas de tirolesa sobre el bosque, ideal para principiantes o familias que buscan una experiencia segura y panor\u00e1mica.<\/p><p data-start=\"268\" data-end=\"466\"><strong data-start=\"268\" data-end=\"315\">2. Canopy Medio \u2013 Nivel Intermedio (US$ 45)<\/strong><br data-start=\"315\" data-end=\"318\" \/>Aventura con 6 l\u00edneas de tirolesa que combinan distintas alturas y velocidades. Perfecto para quienes quieren m\u00e1s emoci\u00f3n y vistas espectaculares.<\/p><p data-start=\"468\" data-end=\"671\"><strong data-start=\"468\" data-end=\"518\">3. Canopy Extremo \u2013 Aventura Completa (US$ 70)<\/strong><br data-start=\"518\" data-end=\"521\" \/>Circuito de 10 l\u00edneas de gran longitud y altura, con saltos entre plataformas en la copa de los \u00e1rboles. Dise\u00f1ado para los amantes de la adrenalina.<\/p>\t\t\t\t\t\t\t\t<\/div>\n\t\t\t\t<div class=\"elementor-element elementor-element-d85631e elementor-widget__width-initial elementor-widget elementor-widget-heading\" data-id=\"d85631e\" data-element_type=\"widget\" data-widget_type=\"heading.default\">\n\t\t\t\t\t<h2 class=\"elementor-heading-title elementor-size-default\">M\u00e1s Info<\/h2>\t\t\t\t<\/div>\n\t\t\t\t<\/div>\n\t\t<div class=\"elementor-element elementor-element-851e0a0 e-con-full e-flex e-con e-child\" data-id=\"851e0a0\" data-element_type=\"container\">\n\t\t\t\t<div class=\"elementor-element elementor-element-63f5a2b elementor-widget__width-initial elementor-widget elementor-widget-heading\" data-id=\"63f5a2b\" data-element_type=\"widget\" data-widget_type=\"heading.default\">\n\t\t\t\t\t<h2 class=\"elementor-heading-title elementor-size-default\">Trekking<\/h2>\t\t\t\t<\/div>\n\t\t\t\t<div class=\"elementor-element elementor-element-fd648b7 elementor-widget__width-inherit elementor-widget elementor-widget-text-editor\" data-id=\"fd648b7\" data-element_type=\"widget\" data-widget_type=\"text-editor.default\">\n\t\t\t\t\t\t\t\t\t<p data-start=\"150\" data-end=\"354\"><strong data-start=\"150\" data-end=\"195\">1. Trekking Corto \u2013 Nivel B\u00e1sico (US$ 30)<\/strong><br data-start=\"195\" data-end=\"198\" \/>Caminata de baja dificultad por senderos naturales y miradores cercanos. Ideal para principiantes o familias que buscan relajarse y disfrutar del paisaje.<\/p><p data-start=\"356\" data-end=\"557\"><strong data-start=\"356\" data-end=\"405\">2. Trekking Medio \u2013 Nivel Intermedio (US$ 50)<\/strong><br data-start=\"405\" data-end=\"408\" \/>Recorrido con subidas moderadas y vistas panor\u00e1micas \u00fanicas. Perfecto para quienes buscan una aventura activa sin requerir gran experiencia previa.<\/p><p data-start=\"559\" data-end=\"766\"><strong data-start=\"559\" data-end=\"611\">3. Trekking Extremo \u2013 Aventura Completa (US$ 90)<\/strong><br data-start=\"611\" data-end=\"614\" \/>Circuito de monta\u00f1a con ascensos exigentes y cambios de terreno. Dise\u00f1ado para los m\u00e1s aventureros que buscan un desaf\u00edo f\u00edsico y paisajes imponentes.<\/p>\t\t\t\t\t\t\t\t<\/div>\n\t\t\t\t<div class=\"elementor-element elementor-element-361ab8f elementor-widget__width-initial elementor-widget elementor-widget-heading\" data-id=\"361ab8f\" data-element_type=\"widget\" data-widget_type=\"heading.default\">\n\t\t\t\t\t<h2 class=\"elementor-heading-title elementor-size-default\">M\u00e1s Info<\/h2>\t\t\t\t<\/div>\n\t\t\t\t<\/div>\n\t\t\t\t<\/div>\n\t\t<div class=\"elementor-element elementor-element-fa3deeb e-flex e-con-boxed e-con e-parent\" data-id=\"fa3deeb\" data-element_type=\"container\">\n\t\t\t\t\t<div class=\"e-con-inner\">\n\t\t<div class=\"elementor-element elementor-element-3c28feb e-con-full e-flex e-con e-child\" data-id=\"3c28feb\" data-element_type=\"container\">\n\t\t\t\t<div class=\"elementor-element elementor-element-49274d1 elementor-widget elementor-widget-google_maps\" data-id=\"49274d1\" data-element_type=\"widget\" data-widget_type=\"google_maps.default\">\n\t\t\t\t\t\t\t<div class=\"elementor-custom-embed\">\n\t\t\t<iframe loading=\"lazy\"\n\t\t\t\t\tsrc=\"https:\/\/maps.google.com\/maps?q=London%20Eye%2C%20London%2C%20United%20Kingdom&#038;t=m&#038;z=10&#038;output=embed&#038;iwloc=near\"\n\t\t\t\t\ttitle=\"London Eye, London, United Kingdom\"\n\t\t\t\t\taria-label=\"London Eye, London, United Kingdom\"\n\t\t\t><\/iframe>\n\t\t<\/div>\n\t\t\t\t\t\t<\/div>\n\t\t\t\t<\/div>\n\t\t<div class=\"elementor-element elementor-element-c63f4d6 e-con-full e-flex e-con e-child\" data-id=\"c63f4d6\" data-element_type=\"container\">\n\t\t\t\t<div class=\"elementor-element elementor-element-2d7c254 elementor-widget__width-inherit elementor-widget elementor-widget-heading\" data-id=\"2d7c254\" data-element_type=\"widget\" data-widget_type=\"heading.default\">\n\t\t\t\t\t<h2 class=\"elementor-heading-title elementor-size-default\">Encuentra Nuestras Oficinas<\/h2>\t\t\t\t<\/div>\n\t\t\t\t<div class=\"elementor-element elementor-element-1b365de elementor-widget elementor-widget-text-editor\" data-id=\"1b365de\" data-element_type=\"widget\" data-widget_type=\"text-editor.default\">\n\t\t\t\t\t\t\t\t\t<p data-start=\"104\" data-end=\"193\"><strong data-start=\"104\" data-end=\"138\">Oficina Central \u2013 Buenos Aires<\/strong><br data-start=\"138\" data-end=\"141\" \/>\ud83d\udccd Av. Corrientes 1450, Piso 7, CABA, Argentina<\/p><p data-start=\"198\" data-end=\"291\"><strong data-start=\"198\" data-end=\"218\">Sucursal Mendoza<\/strong><br data-start=\"218\" data-end=\"221\" \/>\ud83d\udccd Calle San Mart\u00edn 856, Oficina 3B, Ciudad de Mendoza, Argentina<\/p><p data-start=\"296\" data-end=\"383\"><strong data-start=\"296\" data-end=\"316\">Sucursal C\u00f3rdoba<\/strong><br data-start=\"316\" data-end=\"319\" \/>\ud83d\udccd Bv. San Juan 1325, Planta Baja, Nueva C\u00f3rdoba, Argentina<\/p>\t\t\t\t\t\t\t\t<\/div>\n\t\t\t\t<\/div>\n\t\t\t\t\t<\/div>\n\t\t\t\t<\/div>\n\t\t<div class=\"elementor-element elementor-element-1ee4a34 e-flex e-con-boxed e-con e-parent\" data-id=\"1ee4a34\" data-element_type=\"container\">\n\t\t\t\t\t<div class=\"e-con-inner\">\n\t\t\t\t<div class=\"elementor-element elementor-element-14ad155 elementor-widget elementor-widget-theme-site-logo elementor-widget-image\" data-id=\"14ad155\" data-element_type=\"widget\" data-widget_type=\"theme-site-logo.default\">\n\t\t\t\t\t\t\t\t\t\t\t<a href=\"https:\/\/mendotour.desarrollatuweb.online\">\n\t\t\t<img fetchpriority=\"high\" decoding=\"async\" width=\"500\" height=\"500\" src=\"https:\/\/mendotour.desarrollatuweb.online\/wp-content\/uploads\/2025\/10\/MendoTour-1.png\" class=\"attachment-full size-full wp-image-26\" alt=\"\" srcset=\"https:\/\/mendotour.desarrollatuweb.online\/wp-content\/uploads\/2025\/10\/MendoTour-1.png 500w, https:\/\/mendotour.desarrollatuweb.online\/wp-content\/uploads\/2025\/10\/MendoTour-1-300x300.png 300w, https:\/\/mendotour.desarrollatuweb.online\/wp-content\/uploads\/2025\/10\/MendoTour-1-150x150.png 150w\" sizes=\"(max-width: 500px) 100vw, 500px\" \/>\t\t\t\t<\/a>\n\t\t\t\t\t\t\t\t\t\t\t<\/div>\n\t\t\t\t<div class=\"elementor-element elementor-element-2524145 elementor-widget__width-initial elementor-widget elementor-widget-heading\" data-id=\"2524145\" data-element_type=\"widget\" data-widget_type=\"heading.default\">\n\t\t\t\t\t<h2 class=\"elementor-heading-title elementor-size-default\">Seguinos en nuestra redes Sociales!<\/h2>\t\t\t\t<\/div>\n\t\t\t\t<div class=\"elementor-element elementor-element-f530cf8 elementor-shape-circle elementor-grid-0 e-grid-align-center elementor-widget elementor-widget-social-icons\" data-id=\"f530cf8\" data-element_type=\"widget\" data-widget_type=\"social-icons.default\">\n\t\t\t\t\t\t\t<div class=\"elementor-social-icons-wrapper elementor-grid\" role=\"list\">\n\t\t\t\t\t\t\t<span class=\"elementor-grid-item\" role=\"listitem\">\n\t\t\t\t\t<a class=\"elementor-icon elementor-social-icon elementor-social-icon-facebook elementor-repeater-item-7f442db\" target=\"_blank\">\n\t\t\t\t\t\t<span class=\"elementor-screen-only\">Facebook<\/span>\n\t\t\t\t\t\t<svg aria-hidden=\"true\" class=\"e-font-icon-svg e-fab-facebook\" viewBox=\"0 0 512 512\" xmlns=\"http:\/\/www.w3.org\/2000\/svg\"><path d=\"M504 256C504 119 393 8 256 8S8 119 8 256c0 123.78 90.69 226.38 209.25 245V327.69h-63V256h63v-54.64c0-62.15 37-96.48 93.67-96.48 27.14 0 55.52 4.84 55.52 4.84v61h-31.28c-30.8 0-40.41 19.12-40.41 38.73V256h68.78l-11 71.69h-57.78V501C413.31 482.38 504 379.78 504 256z\"><\/path><\/svg>\t\t\t\t\t<\/a>\n\t\t\t\t<\/span>\n\t\t\t\t\t\t\t<span class=\"elementor-grid-item\" role=\"listitem\">\n\t\t\t\t\t<a class=\"elementor-icon elementor-social-icon elementor-social-icon-twitter elementor-repeater-item-2762dba\" target=\"_blank\">\n\t\t\t\t\t\t<span class=\"elementor-screen-only\">Twitter<\/span>\n\t\t\t\t\t\t<svg aria-hidden=\"true\" class=\"e-font-icon-svg e-fab-twitter\" viewBox=\"0 0 512 512\" xmlns=\"http:\/\/www.w3.org\/2000\/svg\"><path d=\"M459.37 151.716c.325 4.548.325 9.097.325 13.645 0 138.72-105.583 298.558-298.558 298.558-59.452 0-114.68-17.219-161.137-47.106 8.447.974 16.568 1.299 25.34 1.299 49.055 0 94.213-16.568 130.274-44.832-46.132-.975-84.792-31.188-98.112-72.772 6.498.974 12.995 1.624 19.818 1.624 9.421 0 18.843-1.3 27.614-3.573-48.081-9.747-84.143-51.98-84.143-102.985v-1.299c13.969 7.797 30.214 12.67 47.431 13.319-28.264-18.843-46.781-51.005-46.781-87.391 0-19.492 5.197-37.36 14.294-52.954 51.655 63.675 129.3 105.258 216.365 109.807-1.624-7.797-2.599-15.918-2.599-24.04 0-57.828 46.782-104.934 104.934-104.934 30.213 0 57.502 12.67 76.67 33.137 23.715-4.548 46.456-13.32 66.599-25.34-7.798 24.366-24.366 44.833-46.132 57.827 21.117-2.273 41.584-8.122 60.426-16.243-14.292 20.791-32.161 39.308-52.628 54.253z\"><\/path><\/svg>\t\t\t\t\t<\/a>\n\t\t\t\t<\/span>\n\t\t\t\t\t\t\t<span class=\"elementor-grid-item\" role=\"listitem\">\n\t\t\t\t\t<a class=\"elementor-icon elementor-social-icon elementor-social-icon-youtube elementor-repeater-item-090c22a\" target=\"_blank\">\n\t\t\t\t\t\t<span class=\"elementor-screen-only\">Youtube<\/span>\n\t\t\t\t\t\t<svg aria-hidden=\"true\" class=\"e-font-icon-svg e-fab-youtube\" viewBox=\"0 0 576 512\" xmlns=\"http:\/\/www.w3.org\/2000\/svg\"><path d=\"M549.655 124.083c-6.281-23.65-24.787-42.276-48.284-48.597C458.781 64 288 64 288 64S117.22 64 74.629 75.486c-23.497 6.322-42.003 24.947-48.284 48.597-11.412 42.867-11.412 132.305-11.412 132.305s0 89.438 11.412 132.305c6.281 23.65 24.787 41.5 48.284 47.821C117.22 448 288 448 288 448s170.78 0 213.371-11.486c23.497-6.321 42.003-24.171 48.284-47.821 11.412-42.867 11.412-132.305 11.412-132.305s0-89.438-11.412-132.305zm-317.51 213.508V175.185l142.739 81.205-142.739 81.201z\"><\/path><\/svg>\t\t\t\t\t<\/a>\n\t\t\t\t<\/span>\n\t\t\t\t\t<\/div>\n\t\t\t\t\t\t<\/div>\n\t\t\t\t\t<\/div>\n\t\t\t\t<\/div>\n\t\t\t\t<\/div>\n\t\t","protected":false},"excerpt":{"rendered":"<p>TURISMO AVENTURA RAFTING 1. Rafting Corto \u2013 Nivel B\u00e1sico (US$ 35)Recorrido de 5 km con una duraci\u00f3n aproximada de 1 [&hellip;]<\/p>\n","protected":false},"author":1,"featured_media":0,"parent":0,"menu_order":0,"comment_status":"closed","ping_status":"closed","template":"","meta":{"site-sidebar-layout":"no-sidebar","site-content-layout":"","ast-site-content-layout":"full-width-container","site-content-style":"default","site-sidebar-style":"default","ast-global-header-display":"","ast-banner-title-visibility":"","ast-main-header-display":"","ast-hfb-above-header-display":"","ast-hfb-below-header-display":"","ast-hfb-mobile-header-display":"","site-post-title":"","ast-breadcrumbs-content":"","ast-featured-img":"disabled","footer-sml-layout":"","ast-disable-related-posts":"","theme-transparent-header-meta":"","adv-header-id-meta":"","stick-header-meta":"","header-above-stick-meta":"","header-main-stick-meta":"","header-below-stick-meta":"","astra-migrate-meta-layouts":"default","ast-page-background-enabled":"default","ast-page-background-meta":{"desktop":{"background-color":"var(--ast-global-color-5)","background-image":"","background-repeat":"repeat","background-position":"center center","background-size":"auto","background-attachment":"scroll","background-type":"","background-media":"","overlay-type":"","overlay-color":"","overlay-opacity":"","overlay-gradient":""},"tablet":{"background-color":"","background-image":"","background-repeat":"repeat","background-position":"center center","background-size":"auto","background-attachment":"scroll","background-type":"","background-media":"","overlay-type":"","overlay-color":"","overlay-opacity":"","overlay-gradient":""},"mobile":{"background-color":"","background-image":"","background-repeat":"repeat","background-position":"center center","background-size":"auto","background-attachment":"scroll","background-type":"","background-media":"","overlay-type":"","overlay-color":"","overlay-opacity":"","overlay-gradient":""}},"ast-content-background-meta":{"desktop":{"background-color":"var(--ast-global-color-4)","background-image":"","background-repeat":"repeat","background-position":"center center","background-size":"auto","background-attachment":"scroll","background-type":"","background-media":"","overlay-type":"","overlay-color":"","overlay-opacity":"","overlay-gradient":""},"tablet":{"background-color":"var(--ast-global-color-4)","background-image":"","background-repeat":"repeat","background-position":"center center","background-size":"auto","background-attachment":"scroll","background-type":"","background-media":"","overlay-type":"","overlay-color":"","overlay-opacity":"","overlay-gradient":""},"mobile":{"background-color":"var(--ast-global-color-4)","background-image":"","background-repeat":"repeat","background-position":"center center","background-size":"auto","background-attachment":"scroll","background-type":"","background-media":"","overlay-type":"","overlay-color":"","overlay-opacity":"","overlay-gradient":""}},"footnotes":""},"class_list":["post-42","page","type-page","status-publish","hentry"],"_links":{"self":[{"href":"https:\/\/mendotour.desarrollatuweb.online\/index.php\/wp-json\/wp\/v2\/pages\/42","targetHints":{"allow":["GET"]}}],"collection":[{"href":"https:\/\/mendotour.desarrollatuweb.online\/index.php\/wp-json\/wp\/v2\/pages"}],"about":[{"href":"https:\/\/mendotour.desarrollatuweb.online\/index.php\/wp-json\/wp\/v2\/types\/page"}],"author":[{"embeddable":true,"href":"https:\/\/mendotour.desarrollatuweb.online\/index.php\/wp-json\/wp\/v2\/users\/1"}],"replies":[{"embeddable":true,"href":"https:\/\/mendotour.desarrollatuweb.online\/index.php\/wp-json\/wp\/v2\/comments?post=42"}],"version-history":[{"count":19,"href":"https:\/\/mendotour.desarrollatuweb.online\/index.php\/wp-json\/wp\/v2\/pages\/42\/revisions"}],"predecessor-version":[{"id":228,"href":"https:\/\/mendotour.desarrollatuweb.online\/index.php\/wp-json\/wp\/v2\/pages\/42\/revisions\/228"}],"wp:attachment":[{"href":"https:\/\/mendotour.desarrollatuweb.online\/index.php\/wp-json\/wp\/v2\/media?parent=42"}],"curies":[{"name":"wp","href":"https:\/\/api.w.org\/{rel}","templated":true}]}}